{"id":6680,"date":"2024-09-03T07:34:50","date_gmt":"2024-09-03T07:34:50","guid":{"rendered":"https:\/\/csmb.hu-berlin.de\/beam\/?page_id=6680"},"modified":"2025-03-18T09:29:53","modified_gmt":"2025-03-18T09:29:53","slug":"publications","status":"publish","type":"page","link":"https:\/\/csmb.hu-berlin.de\/beam\/publications\/","title":{"rendered":"Publications"},"content":{"rendered":"\t\t<div data-elementor-type=\"wp-page\" data-elementor-id=\"6680\" class=\"elementor elementor-6680\">\n\t\t\t\t<div class=\"elementor-element elementor-element-ef10b7f e-flex e-con-boxed e-con e-parent\" data-id=\"ef10b7f\" data-element_type=\"container\">\n\t\t\t\t\t<div class=\"e-con-inner\">\n\t\t\t\t<div class=\"elementor-element elementor-element-9e0104e elementor-widget elementor-widget-heading\" data-id=\"9e0104e\" data-element_type=\"widget\" data-widget_type=\"heading.default\">\n\t\t\t\t<div class=\"elementor-widget-container\">\n\t\t\t<h1 class=\"elementor-heading-title elementor-size-default\">Publications<\/h1>\t\t<\/div>\n\t\t\t\t<\/div>\n\t\t\t\t<div class=\"elementor-element elementor-element-99c8104 elementor-widget-divider--view-line elementor-widget elementor-widget-divider\" data-id=\"99c8104\" data-element_type=\"widget\" data-widget_type=\"divider.default\">\n\t\t\t\t<div class=\"elementor-widget-container\">\n\t\t\t\t\t<div class=\"elementor-divider\">\n\t\t\t<span class=\"elementor-divider-separator\">\n\t\t\t\t\t\t<\/span>\n\t\t<\/div>\n\t\t\t\t<\/div>\n\t\t\t\t<\/div>\n\t\t\t\t<div class=\"elementor-element elementor-element-a883783 elementor-widget elementor-widget-text-editor\" data-id=\"a883783\" data-element_type=\"widget\" data-widget_type=\"text-editor.default\">\n\t\t\t\t<div class=\"elementor-widget-container\">\n\t\t\t\t\t\t\t<h4>Publications by BeAM-partners:<\/h4><ul><li><a href=\"https:\/\/www.physik.hu-berlin.de\/en\/sem\/publications\" target=\"_blank\" rel=\"noopener\">Publications by AG SEM at the Department of Physics of HU Berlin (Head Prof. Christoph T. Koch)<\/a><\/li><li><a href=\"https:\/\/www.fhi.mpg.de\/574192\/Publications\" target=\"_blank\" rel=\"noopener\">Publications by EM group of FHI (Head PD Dr. Thomas Lunkenbein)<\/a><\/li><li><a href=\"https:\/\/scholar.google.de\/citations?user=bjGAobYAAAAJ&amp;hl=de\" target=\"_blank\" rel=\"noopener\">Publications by Dr. Martin Albrecht (IKZ)<\/a><\/li><li><a href=\"https:\/\/scholar.google.de\/citations?hl=de&amp;user=uHWABCYAAAAJ\" target=\"_blank\" rel=\"noopener\">Publications by Prof. Renske van der Veen (HZB)<\/a>\u00a0<\/li><li><a href=\"https:\/\/scholar.google.de\/citations?hl=de&amp;user=ZpzdlGkAAAAJ\">Publications by Prof. Yan Lu (HZB)<\/a><\/li><li><a href=\"https:\/\/scholar.google.de\/citations?hl=de&amp;user=oI1StCYAAAAJ\" target=\"_blank\" rel=\"noopener\">Publications by PD Dr. Daniel Abou-Ras (HZB)<\/a><\/li><\/ul>\t\t\t\t\t\t<\/div>\n\t\t\t\t<\/div>\n\t\t\t\t<div class=\"elementor-element elementor-element-9404678 elementor-widget elementor-widget-text-editor\" data-id=\"9404678\" data-element_type=\"widget\" data-widget_type=\"text-editor.default\">\n\t\t\t\t<div class=\"elementor-widget-container\">\n\t\t\t\t\t\t\t<h4>Joint publications between the partners:<\/h4>\t\t\t\t\t\t<\/div>\n\t\t\t\t<\/div>\n\t\t\t\t<div class=\"elementor-element elementor-element-03bf2c1 elementor-widget elementor-widget-text-editor\" data-id=\"03bf2c1\" data-element_type=\"widget\" data-widget_type=\"text-editor.default\">\n\t\t\t\t<div class=\"elementor-widget-container\">\n\t\t\t\t\t\t\t<h1>2023<\/h1><p>H. Funk, T. Binyamin, L. Etgar, O. Shargaieva, T. Unold, A. Eljarrat, C.T. Koch, D. Abou-Ras, Phase segregation in mixed-halide perovskite nanocrystals in dependence of their sizes and their initial halide ratios, accepted for publication in ACS Materials Au (2023) (invited), doi: <a href=\"https:\/\/doi.org\/10.1021\/acsmaterialsau.3c00056\">10.1021\/acsmaterialsau.3c00056<\/a><\/p><p>D. Abou-Ras, U. Bloeck, S. Caicedo-D\u00e1vila, A. Eljarrat, H. Funk, A. Hammud, S. Thomas, D.R. Wargulski, T. Lunkenbein, C.T. Koch, Correlative microscopy and monitoring of segregation processes in optoelectronic semiconductor materials and devices, J. Appl. Phys. 133 (2023) 121101 (invited), doi: <a href=\"https:\/\/doi.org\/10.1063\/5.0138952\">10.1063\/5.0138952<\/a><\/p>\t\t\t\t\t\t<\/div>\n\t\t\t\t<\/div>\n\t\t\t\t<div class=\"elementor-element elementor-element-fb0c04e elementor-widget elementor-widget-text-editor\" data-id=\"fb0c04e\" data-element_type=\"widget\" data-widget_type=\"text-editor.default\">\n\t\t\t\t<div class=\"elementor-widget-container\">\n\t\t\t\t\t\t\t<h1>2022<\/h1><p>Dongjiu Xie, Yaolin Xu, Yonglei Wang, Xuefeng Pan, Eneli H\u00e4rk, Zdravko Kochovski, Alberto Eljarrat, Johannes M\u00fcller, Christoph T. Koch, Jiayin Yuan, and Yan Lu, Poly(ionic liquid) Nanovesicle-Templated Carbon Nanocapsules Functionalized with Uniform Iron Nitride Nanoparticles as Catalytic Sulfur Host for Li\u2013S Batteries, ACS Nano 2022 16 (7), 10554-10565, doi: <a href=\"http:\/\/doi.org\/10.1021\/acsnano.2c01992\">10.1021\/acsnano.2c01992<\/a><\/p><p>Yuhang Zhao, Radwan M. Sarhan, Alberto Eljarrat, Zdravko Kochovski, Christoph Koch, Bernd Schmidt, Wouter Koopman, and Yan Lu Surface-Functionalized Au\u2013Pd Nanorods with Enhanced Photothermal Conversion and Catalytic Performance, ACS Applied Materials &amp; Interfaces 2022 14 (15), 17259-17272, doi: <a href=\"https:\/\/doi.org\/10.1021\/acsami.2c00221\">10.1021\/acsami.2c00221<\/a><\/p>\t\t\t\t\t\t<\/div>\n\t\t\t\t<\/div>\n\t\t\t\t<div class=\"elementor-element elementor-element-4e3907f elementor-widget elementor-widget-text-editor\" data-id=\"4e3907f\" data-element_type=\"widget\" data-widget_type=\"text-editor.default\">\n\t\t\t\t<div class=\"elementor-widget-container\">\n\t\t\t\t\t\t\t<h1>2021<\/h1><p>Yuhang Zhao, Andreas Opitz, Alberto Eljarrat, Zdravko Kochovski, Christoph T. Koch, Norbert Koch, and Yan Lu, Kinetic Study on the Adsorption of 2,3,5,6-Tetrafluoro-7,7,8,8-tetracyanoquinodimethane on Ag Nanoparticles in Chloroform: Implications for the Charge Transfer Complex of Ag\u2013F4TCNQ, ACS Applied Nano Materials 2021 4 (11), 11625-11635, doi: <a href=\"http:\/\/doi.org\/10.1021\/acsnano.2c01992\">10.1021\/acsanm.1c02153<\/a><\/p><p>Martin Rothe, Yuhang Zhao, Johannes M\u00fcller, G\u00fcnter Kewes, Christoph T. Koch, Yan Lu, and Oliver Benson Self-Assembly of Plasmonic Nanoantenna\u2013Waveguide Structures for Subdiffractional Chiral Sensing, ACS Nano 2021, 15, 1, 351\u2013361, doi: <a href=\"https:\/\/doi.org\/10.1021\/acsnano.0c05240\">10.1021\/acsnano.0c05240<\/a><\/p>\t\t\t\t\t\t<\/div>\n\t\t\t\t<\/div>\n\t\t\t\t<div class=\"elementor-element elementor-element-6dd1b03 elementor-widget elementor-widget-text-editor\" data-id=\"6dd1b03\" data-element_type=\"widget\" data-widget_type=\"text-editor.default\">\n\t\t\t\t<div class=\"elementor-widget-container\">\n\t\t\t\t\t\t\t<h1>2020<\/h1><p>H. Funk, O. Shargaieva, A. Eljarrat, E. Unger, C.T. Koch, D. Abou-Ras, In-situ TEM monitoring of phase-segregation in inorganic mixed halide perovskites, J. Phys. Chem. Lett. 11 (2020) 4945-4950, doi: <a href=\"https:\/\/doi.org\/10.1021\/acs.jpclett.0c01296\">10.1021\/acs.jpclett.0c01296<\/a><\/p><p>T. Quan, Y. Xu, M. Tovar, N. Goubard-Bretesch\u00e9, Z. Li, Z. Kochovski, H. Kirmse, K. Skrodczky, S. Mei, H. Yu, D. Abou-Ras, M. Wagemaker, Y. Lu, Hollow MoS3 nanospheres as electrode material for \u201cwater-in-salt\u201d Li-ion batteries, Batteries &amp; Supercaps 1 (2020) 1-11, doi: <a href=\"https:\/\/doi.org\/10.1002\/batt.202000042\">10.1002\/batt.202000042<\/a><\/p>\t\t\t\t\t\t<\/div>\n\t\t\t\t<\/div>\n\t\t\t\t<div class=\"elementor-element elementor-element-d2729d0 elementor-widget elementor-widget-text-editor\" data-id=\"d2729d0\" data-element_type=\"widget\" data-widget_type=\"text-editor.default\">\n\t\t\t\t<div class=\"elementor-widget-container\">\n\t\t\t\t\t\t\t<h1>2019<\/h1><p>Martin Rothe, Yuhang Zhao, G\u00fcnter Kewes, Zdravko Kochovski, Wilfried Sigle, Peter A. van Aken, Christoph Koch, Matthias Ballauff, Yan Lu &amp; Oliver Benson, Silver nanowires with optimized silica coating as versatile plasmonic resonators. Sci Rep 9, 3859 (2019). doi: <a href=\"https:\/\/doi.org\/10.1038\/s41598-019-40380-5\">10.1038\/s41598-019-40380-5<\/a><\/p><p>S. Caicedo-D\u00e1vila, H. Funk, R. Lovrin\u010di\u0107, C. M\u00fcller, M. Sendner, O. Cojocaru-Mir\u00e9din, F. Lehmann, R. Gunder, A. Franz, A.V. Cohen , L. Kronik, B. Haas, C.T. Koch, D. Abou-Ras, Spatial Phase Distributions in Solution-Based and Evaporated Cs-Pb-Br Thin Films, J. Phys. Chem. C 123 (2019) 17666-17677, doi: <a href=\"https:\/\/doi.org\/10.1021\/acs.jpcc.9b02567\">10.1021\/acs.jpcc.9b02567<\/a><\/p>\t\t\t\t\t\t<\/div>\n\t\t\t\t<\/div>\n\t\t\t\t\t<\/div>\n\t\t\t\t<\/div>\n\t\t\t\t<\/div>\n\t\t","protected":false},"excerpt":{"rendered":"<p>Publications Publications by BeAM-partners: Publications by AG SEM at the Department of Physics of HU Berlin (Head Prof. Christoph T. [&hellip;]<\/p>\n","protected":false},"author":1,"featured_media":0,"parent":0,"menu_order":0,"comment_status":"closed","ping_status":"closed","template":"","meta":{"site-sidebar-layout":"no-sidebar","site-content-layout":"","ast-site-content-layout":"full-width-container","site-content-style":"unboxed","site-sidebar-style":"default","ast-global-header-display":"","ast-banner-title-visibility":"","ast-main-header-display":"","ast-hfb-above-header-display":"","ast-hfb-below-header-display":"","ast-hfb-mobile-header-display":"","site-post-title":"disabled","ast-breadcrumbs-content":"","ast-featured-img":"disabled","footer-sml-layout":"","theme-transparent-header-meta":"","adv-header-id-meta":"","stick-header-meta":"","header-above-stick-meta":"","header-main-stick-meta":"","header-below-stick-meta":"","astra-migrate-meta-layouts":"default","ast-page-background-enabled":"default","ast-page-background-meta":{"desktop":{"background-color":"var(--ast-global-color-4)","background-image":"","background-repeat":"repeat","background-position":"center center","background-size":"auto","background-attachment":"scroll","background-type":"","background-media":"","overlay-type":"","overlay-color":"","overlay-opacity":"","overlay-gradient":""},"tablet":{"background-color":"","background-image":"","background-repeat":"repeat","background-position":"center center","background-size":"auto","background-attachment":"scroll","background-type":"","background-media":"","overlay-type":"","overlay-color":"","overlay-opacity":"","overlay-gradient":""},"mobile":{"background-color":"","background-image":"","background-repeat":"repeat","background-position":"center center","background-size":"auto","background-attachment":"scroll","background-type":"","background-media":"","overlay-type":"","overlay-color":"","overlay-opacity":"","overlay-gradient":""}},"ast-content-background-meta":{"desktop":{"background-color":"var(--ast-global-color-5)","background-image":"","background-repeat":"repeat","background-position":"center center","background-size":"auto","background-attachment":"scroll","background-type":"","background-media":"","overlay-type":"","overlay-color":"","overlay-opacity":"","overlay-gradient":""},"tablet":{"background-color":"var(--ast-global-color-5)","background-image":"","background-repeat":"repeat","background-position":"center center","background-size":"auto","background-attachment":"scroll","background-type":"","background-media":"","overlay-type":"","overlay-color":"","overlay-opacity":"","overlay-gradient":""},"mobile":{"background-color":"var(--ast-global-color-5)","background-image":"","background-repeat":"repeat","background-position":"center center","background-size":"auto","background-attachment":"scroll","background-type":"","background-media":"","overlay-type":"","overlay-color":"","overlay-opacity":"","overlay-gradient":""}},"footnotes":"","_links_to":"","_links_to_target":""},"class_list":["post-6680","page","type-page","status-publish","hentry"],"_links":{"self":[{"href":"https:\/\/csmb.hu-berlin.de\/beam\/wp-json\/wp\/v2\/pages\/6680","targetHints":{"allow":["GET"]}}],"collection":[{"href":"https:\/\/csmb.hu-berlin.de\/beam\/wp-json\/wp\/v2\/pages"}],"about":[{"href":"https:\/\/csmb.hu-berlin.de\/beam\/wp-json\/wp\/v2\/types\/page"}],"author":[{"embeddable":true,"href":"https:\/\/csmb.hu-berlin.de\/beam\/wp-json\/wp\/v2\/users\/1"}],"replies":[{"embeddable":true,"href":"https:\/\/csmb.hu-berlin.de\/beam\/wp-json\/wp\/v2\/comments?post=6680"}],"version-history":[{"count":20,"href":"https:\/\/csmb.hu-berlin.de\/beam\/wp-json\/wp\/v2\/pages\/6680\/revisions"}],"predecessor-version":[{"id":6942,"href":"https:\/\/csmb.hu-berlin.de\/beam\/wp-json\/wp\/v2\/pages\/6680\/revisions\/6942"}],"wp:attachment":[{"href":"https:\/\/csmb.hu-berlin.de\/beam\/wp-json\/wp\/v2\/media?parent=6680"}],"curies":[{"name":"wp","href":"https:\/\/api.w.org\/{rel}","templated":true}]}}